{"id":2419,"date":"2022-10-27T16:19:17","date_gmt":"2022-10-27T14:19:17","guid":{"rendered":"https:\/\/theme.madsparrow.me\/most\/?page_id=2419"},"modified":"2023-06-13T21:14:13","modified_gmt":"2023-06-13T19:14:13","slug":"servicios","status":"publish","type":"page","link":"https:\/\/albertpoquet.com\/ca\/servicios\/","title":{"rendered":"Serveis"},"content":{"rendered":"<div data-elementor-type=\"wp-page\" data-elementor-id=\"2419\" class=\"elementor elementor-2419\">\n\t\t\t\t\t\t\t\t\t<section class=\"elementor-section elementor-top-section elementor-element elementor-element-1294046 elementor-section-boxed elementor-section-height-default elementor-section-height-default\" data-id=\"1294046\" data-element_type=\"section\">\n\t\t\t\t\t\t<div class=\"elementor-container elementor-column-gap-default\">\n\t\t\t\t\t<div class=\"elementor-column elementor-col-100 elementor-top-column elementor-element elementor-element-b8431d5\" data-id=\"b8431d5\" data-element_type=\"column\">\n\t\t\t<div class=\"elementor-widget-wrap elementor-element-populated\">\n\t\t\t\t\t\t\t\t<div class=\"elementor-element elementor-element-472c6de elementor-widget elementor-widget-spacer\" data-id=\"472c6de\" data-element_type=\"widget\" data-widget_type=\"spacer.default\">\n\t\t\t\t<div class=\"elementor-widget-container\">\n\t\t\t<style>\/*! elementor - v3.13.2 - 11-05-2023 *\/\n.elementor-column .elementor-spacer-inner{height:var(--spacer-size)}.e-con{--container-widget-width:100%}.e-con-inner>.elementor-widget-spacer,.e-con>.elementor-widget-spacer{width:var(--container-widget-width,var(--spacer-size));--align-self:var(--container-widget-align-self,initial);--flex-shrink:0}.e-con-inner>.elementor-widget-spacer>.elementor-widget-container,.e-con-inner>.elementor-widget-spacer>.elementor-widget-container>.elementor-spacer,.e-con>.elementor-widget-spacer>.elementor-widget-container,.e-con>.elementor-widget-spacer>.elementor-widget-container>.elementor-spacer{height:100%}.e-con-inner>.elementor-widget-spacer>.elementor-widget-container>.elementor-spacer>.elementor-spacer-inner,.e-con>.elementor-widget-spacer>.elementor-widget-container>.elementor-spacer>.elementor-spacer-inner{height:var(--container-widget-height,var(--spacer-size))}<\/style>\t\t<div class=\"elementor-spacer\">\n\t\t\t<div class=\"elementor-spacer-inner\"><\/div>\n\t\t<\/div>\n\t\t\t\t<\/div>\n\t\t\t\t<\/div>\n\t\t\t\t<div class=\"elementor-element elementor-element-03fbdec elementor-widget elementor-widget-heading\" data-id=\"03fbdec\" data-element_type=\"widget\" data-widget_type=\"heading.default\">\n\t\t\t\t<div class=\"elementor-widget-container\">\n\t\t\t<style>\/*! elementor - v3.13.2 - 11-05-2023 *\/\n.elementor-heading-title{padding:0;margin:0;line-height:1}.elementor-widget-heading .elementor-heading-title[class*=elementor-size-]>a{color:inherit;font-size:inherit;line-height:inherit}.elementor-widget-heading .elementor-heading-title.elementor-size-small{font-size:15px}.elementor-widget-heading .elementor-heading-title.elementor-size-medium{font-size:19px}.elementor-widget-heading .elementor-heading-title.elementor-size-large{font-size:29px}.elementor-widget-heading .elementor-heading-title.elementor-size-xl{font-size:39px}.elementor-widget-heading .elementor-heading-title.elementor-size-xxl{font-size:59px}<\/style><h2 class=\"elementor-heading-title elementor-size-xl\">Som totalment coneixedors de les necessitats t\u00e8cniques i humanes que cada client necessita.<\/h2>\t\t<\/div>\n\t\t\t\t<\/div>\n\t\t\t\t\t<\/div>\n\t\t<\/div>\n\t\t\t\t\t\t\t<\/div>\n\t\t<\/section>\n\t\t\t\t<section class=\"elementor-section elementor-top-section elementor-element elementor-element-1937fd9 elementor-section-boxed elementor-section-height-default elementor-section-height-default\" data-id=\"1937fd9\" data-element_type=\"section\">\n\t\t\t\t\t\t<div class=\"elementor-container elementor-column-gap-default\">\n\t\t\t\t\t<div class=\"elementor-column elementor-col-100 elementor-top-column elementor-element elementor-element-765ef2a\" data-id=\"765ef2a\" data-element_type=\"column\">\n\t\t\t<div class=\"elementor-widget-wrap elementor-element-populated\">\n\t\t\t\t\t\t\t\t<div class=\"elementor-element elementor-element-aeca386 elementor-widget elementor-widget-spacer\" data-id=\"aeca386\" data-element_type=\"widget\" data-widget_type=\"spacer.default\">\n\t\t\t\t<div class=\"elementor-widget-container\">\n\t\t\t\t\t<div class=\"elementor-spacer\">\n\t\t\t<div class=\"elementor-spacer-inner\"><\/div>\n\t\t<\/div>\n\t\t\t\t<\/div>\n\t\t\t\t<\/div>\n\t\t\t\t<div class=\"elementor-element elementor-element-254a866 elementor-widget elementor-widget-text-editor\" data-id=\"254a866\" data-element_type=\"widget\" data-widget_type=\"text-editor.default\">\n\t\t\t\t<div class=\"elementor-widget-container\">\n\t\t\t<style>\/*! elementor - v3.13.2 - 11-05-2023 *\/\n.elementor-widget-text-editor.elementor-drop-cap-view-stacked .elementor-drop-cap{background-color:#69727d;color:#fff}.elementor-widget-text-editor.elementor-drop-cap-view-framed .elementor-drop-cap{color:#69727d;border:3px solid;background-color:transparent}.elementor-widget-text-editor:not(.elementor-drop-cap-view-default) .elementor-drop-cap{margin-top:8px}.elementor-widget-text-editor:not(.elementor-drop-cap-view-default) .elementor-drop-cap-letter{width:1em;height:1em}.elementor-widget-text-editor .elementor-drop-cap{float:left;text-align:center;line-height:1;font-size:50px}.elementor-widget-text-editor .elementor-drop-cap-letter{display:inline-block}<\/style>\t\t\t\t<h3 style=\"text-align: center;\"><span style=\"font-weight: 400;\">Per aquest motiu, disposem d'un bon cat\u00e0leg de serveis per oferir un servei integral ia la mida de les necessitats pr\u00f2pies de cada projecte:<\/span><\/h3>\t\t\t\t\t\t<\/div>\n\t\t\t\t<\/div>\n\t\t\t\t\t<\/div>\n\t\t<\/div>\n\t\t\t\t\t\t\t<\/div>\n\t\t<\/section>\n\t\t\t\t<section class=\"elementor-section elementor-top-section elementor-element elementor-element-f727bac elementor-section-boxed elementor-section-height-default elementor-section-height-default\" data-id=\"f727bac\" data-element_type=\"section\">\n\t\t\t\t\t\t<div class=\"elementor-container elementor-column-gap-default\">\n\t\t\t\t\t<div class=\"elementor-column elementor-col-100 elementor-top-column elementor-element elementor-element-467a695\" data-id=\"467a695\" data-element_type=\"column\">\n\t\t\t<div class=\"elementor-widget-wrap elementor-element-populated\">\n\t\t\t\t\t\t\t\t<div class=\"elementor-element elementor-element-ac9d646 elementor-widget elementor-widget-spacer\" data-id=\"ac9d646\" data-element_type=\"widget\" data-widget_type=\"spacer.default\">\n\t\t\t\t<div class=\"elementor-widget-container\">\n\t\t\t\t\t<div class=\"elementor-spacer\">\n\t\t\t<div class=\"elementor-spacer-inner\"><\/div>\n\t\t<\/div>\n\t\t\t\t<\/div>\n\t\t\t\t<\/div>\n\t\t\t\t\t<\/div>\n\t\t<\/div>\n\t\t\t\t\t\t\t<\/div>\n\t\t<\/section>\n\t\t\t\t<section class=\"elementor-section elementor-top-section elementor-element elementor-element-d68a50f elementor-section-boxed elementor-section-height-default elementor-section-height-default\" data-id=\"d68a50f\" data-element_type=\"section\">\n\t\t\t\t\t\t<div class=\"elementor-container elementor-column-gap-no\">\n\t\t\t\t\t<div class=\"elementor-column elementor-col-100 elementor-top-column elementor-element elementor-element-fb73872\" data-id=\"fb73872\" data-element_type=\"column\">\n\t\t\t<div class=\"elementor-widget-wrap elementor-element-populated\">\n\t\t\t\t\t\t\t\t<section class=\"elementor-section elementor-inner-section elementor-element elementor-element-1e69014 elementor-section-full_width elementor-section-height-default elementor-section-height-default\" data-id=\"1e69014\" data-element_type=\"section\">\n\t\t\t\t\t\t<div class=\"elementor-container elementor-column-gap-no\">\n\t\t\t\t\t<div class=\"elementor-column elementor-col-33 elementor-inner-column elementor-element elementor-element-016ec91\" data-id=\"016ec91\" data-element_type=\"column\">\n\t\t\t<div class=\"elementor-widget-wrap elementor-element-populated\">\n\t\t\t\t\t\t\t\t<div class=\"elementor-element elementor-element-4e6ca0a elementor-widget elementor-widget-services\" data-id=\"4e6ca0a\" data-element_type=\"widget\" data-widget_type=\"services.default\">\n\t\t\t\t<div class=\"elementor-widget-container\">\n\t\t\t        \r\n        <div class=\"ms-sb img-top\">\r\n\r\n            \r\n                <div class=\"ms-sb--img boxed\">\r\n                                            <img loading=\"lazy\" decoding=\"async\" width=\"256\" height=\"256\" src=\"https:\/\/albertpoquet.com\/wp-content\/uploads\/2023\/05\/idea.png\" class=\"attachment-full size-full wp-image-3966\" alt=\"\" srcset=\"https:\/\/albertpoquet.com\/wp-content\/uploads\/2023\/05\/idea.png 256w, https:\/\/albertpoquet.com\/wp-content\/uploads\/2023\/05\/idea-150x150.png 150w, https:\/\/albertpoquet.com\/wp-content\/uploads\/2023\/05\/idea-90x90.png 90w\" sizes=\"auto, (max-width: 256px) 100vw, 256px\" \/>                                    <\/div>\r\n\r\n            \r\n            <div class=\"ms-sb--inner\">\r\n                                    <h4 class=\"ms-sb--title\">\r\n                                                    <span>Pre-Producci\u00f3<\/span>\r\n                                            <\/h4>\r\n                                                    <p class=\"ms-sb--text\">La preproducci\u00f3 com a pilar essencial perqu\u00e8 un projecte professional es consolidi com cal. En altres paraules, en aquesta part comencem reunions amb el client per plantejar-vos les millors idees per al vostre projecte. Gestionem i coordinem tot l\u00b4equip hum\u00e0 i totes les necessitats t\u00e8cniques necess\u00e0ries perqu\u00e8 el projecte sigui un \u00e8xit.<\/p>\r\n                            <\/div>\r\n\r\n        <\/div>\r\n\r\n        \t\t<\/div>\n\t\t\t\t<\/div>\n\t\t\t\t\t<\/div>\n\t\t<\/div>\n\t\t\t\t<div class=\"elementor-column elementor-col-33 elementor-inner-column elementor-element elementor-element-d290653\" data-id=\"d290653\" data-element_type=\"column\">\n\t\t\t<div class=\"elementor-widget-wrap elementor-element-populated\">\n\t\t\t\t\t\t\t\t<div class=\"elementor-element elementor-element-74487fd elementor-widget elementor-widget-services\" data-id=\"74487fd\" data-element_type=\"widget\" data-widget_type=\"services.default\">\n\t\t\t\t<div class=\"elementor-widget-container\">\n\t\t\t        \r\n        <div class=\"ms-sb img-top\">\r\n\r\n            \r\n                <div class=\"ms-sb--img boxed\">\r\n                                            <img loading=\"lazy\" decoding=\"async\" width=\"256\" height=\"256\" src=\"https:\/\/albertpoquet.com\/wp-content\/uploads\/2023\/05\/camara-de-video.png\" class=\"attachment-full size-full wp-image-3962\" alt=\"\" srcset=\"https:\/\/albertpoquet.com\/wp-content\/uploads\/2023\/05\/camara-de-video.png 256w, https:\/\/albertpoquet.com\/wp-content\/uploads\/2023\/05\/camara-de-video-150x150.png 150w, https:\/\/albertpoquet.com\/wp-content\/uploads\/2023\/05\/camara-de-video-90x90.png 90w\" sizes=\"auto, (max-width: 256px) 100vw, 256px\" \/>                                    <\/div>\r\n\r\n            \r\n            <div class=\"ms-sb--inner\">\r\n                                    <h4 class=\"ms-sb--title\">\r\n                                                    <span>Enregistrament - Rodatge - Producci\u00f3<\/span>\r\n                                            <\/h4>\r\n                                                    <p class=\"ms-sb--text\">La producci\u00f3 t\u00e8cnica com a nucli del projecte. All\u00ed \u00e9s quan ja tenim organitzat l'equip t\u00e8cnic i hum\u00e0 llest per comen\u00e7ar a enregistrar. Gr\u00e0cies a l'anterior punt, com \u00e9s la Preproducci\u00f3, el rodatge est\u00e0 organitzat de manera que tant nosaltres com el client coneguem quina \u00e9s la tasca que ens toca en cada moment dels dies de rodatge.<\/p>\r\n                            <\/div>\r\n\r\n        <\/div>\r\n\r\n        \t\t<\/div>\n\t\t\t\t<\/div>\n\t\t\t\t\t<\/div>\n\t\t<\/div>\n\t\t\t\t<div class=\"elementor-column elementor-col-33 elementor-inner-column elementor-element elementor-element-7770ffa\" data-id=\"7770ffa\" data-element_type=\"column\">\n\t\t\t<div class=\"elementor-widget-wrap elementor-element-populated\">\n\t\t\t\t\t\t\t\t<div class=\"elementor-element elementor-element-697fa0d elementor-widget elementor-widget-services\" data-id=\"697fa0d\" data-element_type=\"widget\" data-widget_type=\"services.default\">\n\t\t\t\t<div class=\"elementor-widget-container\">\n\t\t\t        \r\n        <div class=\"ms-sb img-top\">\r\n\r\n            \r\n                <div class=\"ms-sb--img boxed\">\r\n                                            <img loading=\"lazy\" decoding=\"async\" width=\"256\" height=\"256\" src=\"https:\/\/albertpoquet.com\/wp-content\/uploads\/2023\/05\/edicion-de-pelicula.png\" class=\"attachment-full size-full wp-image-3970\" alt=\"\" srcset=\"https:\/\/albertpoquet.com\/wp-content\/uploads\/2023\/05\/edicion-de-pelicula.png 256w, https:\/\/albertpoquet.com\/wp-content\/uploads\/2023\/05\/edicion-de-pelicula-150x150.png 150w, https:\/\/albertpoquet.com\/wp-content\/uploads\/2023\/05\/edicion-de-pelicula-90x90.png 90w\" sizes=\"auto, (max-width: 256px) 100vw, 256px\" \/>                                    <\/div>\r\n\r\n            \r\n            <div class=\"ms-sb--inner\">\r\n                                    <h4 class=\"ms-sb--title\">\r\n                                                    <span>Post-producci\u00f3<\/span>\r\n                                            <\/h4>\r\n                                                    <p class=\"ms-sb--text\">Gr\u00e0cies al nostre estudi de postproducci\u00f3 i el treball en remot dels nostres t\u00e8cnics, acabem el nostre treball d'edici\u00f3 en un temps r\u00e8cord. Treballem amb les millors eines de postproducci\u00f3 com Adobe Premiere Pro, Final Cut, DaVinci Resolve i After Effects.<\/p>\r\n                            <\/div>\r\n\r\n        <\/div>\r\n\r\n        \t\t<\/div>\n\t\t\t\t<\/div>\n\t\t\t\t\t<\/div>\n\t\t<\/div>\n\t\t\t\t\t\t\t<\/div>\n\t\t<\/section>\n\t\t\t\t<div class=\"elementor-element elementor-element-aa1bbde elementor-widget elementor-widget-spacer\" data-id=\"aa1bbde\" data-element_type=\"widget\" data-widget_type=\"spacer.default\">\n\t\t\t\t<div class=\"elementor-widget-container\">\n\t\t\t\t\t<div class=\"elementor-spacer\">\n\t\t\t<div class=\"elementor-spacer-inner\"><\/div>\n\t\t<\/div>\n\t\t\t\t<\/div>\n\t\t\t\t<\/div>\n\t\t\t\t<section class=\"elementor-section elementor-inner-section elementor-element elementor-element-1eb7388 elementor-section-full_width elementor-section-height-default elementor-section-height-default\" data-id=\"1eb7388\" data-element_type=\"section\">\n\t\t\t\t\t\t<div class=\"elementor-container elementor-column-gap-no\">\n\t\t\t\t\t<div class=\"elementor-column elementor-col-50 elementor-inner-column elementor-element elementor-element-a8df5c4\" data-id=\"a8df5c4\" data-element_type=\"column\">\n\t\t\t<div class=\"elementor-widget-wrap elementor-element-populated\">\n\t\t\t\t\t\t\t\t<div class=\"elementor-element elementor-element-11cd8d4 elementor-widget elementor-widget-services\" data-id=\"11cd8d4\" data-element_type=\"widget\" data-widget_type=\"services.default\">\n\t\t\t\t<div class=\"elementor-widget-container\">\n\t\t\t        \r\n        <div class=\"ms-sb img-top\">\r\n\r\n            \r\n                <div class=\"ms-sb--img boxed\">\r\n                                            <img loading=\"lazy\" decoding=\"async\" width=\"256\" height=\"256\" src=\"https:\/\/albertpoquet.com\/wp-content\/uploads\/2023\/05\/camara-de-video-1.png\" class=\"attachment-full size-full wp-image-3978\" alt=\"\" srcset=\"https:\/\/albertpoquet.com\/wp-content\/uploads\/2023\/05\/camara-de-video-1.png 256w, https:\/\/albertpoquet.com\/wp-content\/uploads\/2023\/05\/camara-de-video-1-150x150.png 150w, https:\/\/albertpoquet.com\/wp-content\/uploads\/2023\/05\/camara-de-video-1-90x90.png 90w\" sizes=\"auto, (max-width: 256px) 100vw, 256px\" \/>                                    <\/div>\r\n\r\n            \r\n            <div class=\"ms-sb--inner\">\r\n                                    <h4 class=\"ms-sb--title\">\r\n                                                    <span>Realitzaci\u00f3 Multi-c\u00e0mera<\/span>\r\n                                            <\/h4>\r\n                                                    <p class=\"ms-sb--text\">Necessites gravar des de diferents c\u00e0meres el teu esdeveniment, convenci\u00f3 o parlament institucional. Aquest \u00e9s el servei que et proporciona exactament el producte que est\u00e0s buscant. Nosaltres enregistrem, ho editem din\u00e0micament i llest!<\/p>\r\n                            <\/div>\r\n\r\n        <\/div>\r\n\r\n        \t\t<\/div>\n\t\t\t\t<\/div>\n\t\t\t\t\t<\/div>\n\t\t<\/div>\n\t\t\t\t<div class=\"elementor-column elementor-col-50 elementor-inner-column elementor-element elementor-element-648ed9b\" data-id=\"648ed9b\" data-element_type=\"column\">\n\t\t\t<div class=\"elementor-widget-wrap elementor-element-populated\">\n\t\t\t\t\t\t\t\t<div class=\"elementor-element elementor-element-0354c0e elementor-widget elementor-widget-services\" data-id=\"0354c0e\" data-element_type=\"widget\" data-widget_type=\"services.default\">\n\t\t\t\t<div class=\"elementor-widget-container\">\n\t\t\t        \r\n        <div class=\"ms-sb img-top\">\r\n\r\n            \r\n                <div class=\"ms-sb--img boxed\">\r\n                                            <img loading=\"lazy\" decoding=\"async\" width=\"256\" height=\"256\" src=\"https:\/\/albertpoquet.com\/wp-content\/uploads\/2023\/05\/vivir.png\" class=\"attachment-full size-full wp-image-3974\" alt=\"\" srcset=\"https:\/\/albertpoquet.com\/wp-content\/uploads\/2023\/05\/vivir.png 256w, https:\/\/albertpoquet.com\/wp-content\/uploads\/2023\/05\/vivir-150x150.png 150w, https:\/\/albertpoquet.com\/wp-content\/uploads\/2023\/05\/vivir-90x90.png 90w\" sizes=\"auto, (max-width: 256px) 100vw, 256px\" \/>                                    <\/div>\r\n\r\n            \r\n            <div class=\"ms-sb--inner\">\r\n                                    <h4 class=\"ms-sb--title\">\r\n                                                    <span>V\u00eddeo Streaming<\/span>\r\n                                            <\/h4>\r\n                                                    <p class=\"ms-sb--text\">Com a empresa o instituci\u00f3, \u00e9s com\u00fa contractar aquest servei perqu\u00e8 els vostres clients potencials o seguidors puguin veure en directe el vostre esdeveniment, convenci\u00f3 o parlament. A m\u00e9s, un cop acabat la retransmissi\u00f3 del directe, qualsevol persona que vulgueu podr\u00e0 veure'l m\u00e9s tard.\n<\/p>\r\n                            <\/div>\r\n\r\n        <\/div>\r\n\r\n        \t\t<\/div>\n\t\t\t\t<\/div>\n\t\t\t\t\t<\/div>\n\t\t<\/div>\n\t\t\t\t\t\t\t<\/div>\n\t\t<\/section>\n\t\t\t\t<div class=\"elementor-element elementor-element-29b1ebb elementor-widget elementor-widget-spacer\" data-id=\"29b1ebb\" data-element_type=\"widget\" data-widget_type=\"spacer.default\">\n\t\t\t\t<div class=\"elementor-widget-container\">\n\t\t\t\t\t<div class=\"elementor-spacer\">\n\t\t\t<div class=\"elementor-spacer-inner\"><\/div>\n\t\t<\/div>\n\t\t\t\t<\/div>\n\t\t\t\t<\/div>\n\t\t\t\t<div class=\"elementor-element elementor-element-1d5ec5c elementor-widget elementor-widget-spacer\" data-id=\"1d5ec5c\" data-element_type=\"widget\" data-widget_type=\"spacer.default\">\n\t\t\t\t<div class=\"elementor-widget-container\">\n\t\t\t\t\t<div class=\"elementor-spacer\">\n\t\t\t<div class=\"elementor-spacer-inner\"><\/div>\n\t\t<\/div>\n\t\t\t\t<\/div>\n\t\t\t\t<\/div>\n\t\t\t\t<div class=\"elementor-element elementor-element-2b0ce7d elementor-widget elementor-widget-spacer\" data-id=\"2b0ce7d\" data-element_type=\"widget\" data-widget_type=\"spacer.default\">\n\t\t\t\t<div class=\"elementor-widget-container\">\n\t\t\t\t\t<div class=\"elementor-spacer\">\n\t\t\t<div class=\"elementor-spacer-inner\"><\/div>\n\t\t<\/div>\n\t\t\t\t<\/div>\n\t\t\t\t<\/div>\n\t\t\t\t<div class=\"elementor-element elementor-element-ac3c0c7 elementor-widget elementor-widget-spacer\" data-id=\"ac3c0c7\" data-element_type=\"widget\" data-widget_type=\"spacer.default\">\n\t\t\t\t<div class=\"elementor-widget-container\">\n\t\t\t\t\t<div class=\"elementor-spacer\">\n\t\t\t<div class=\"elementor-spacer-inner\"><\/div>\n\t\t<\/div>\n\t\t\t\t<\/div>\n\t\t\t\t<\/div>\n\t\t\t\t\t<\/div>\n\t\t<\/div>\n\t\t\t\t\t\t\t<\/div>\n\t\t<\/section>\n\t\t\t\t\t\t\t<\/div>","protected":false},"excerpt":{"rendered":"<p>Somos totalmente conocedores de las necesidades t\u00e9cnicas y humanas que cada cliente necesita. Por este motivo, disponemos de un buen cat\u00e1logo de servicios para [&hellip;]<\/p>","protected":false},"author":1,"featured_media":0,"parent":0,"menu_order":0,"comment_status":"closed","ping_status":"closed","template":"page-custom.php","meta":{"footnotes":""},"class_list":["post-2419","page","type-page","status-publish","hentry"],"acf":{"full_width":false,"header_transparent":false,"header_white":false},"_links":{"self":[{"href":"https:\/\/albertpoquet.com\/ca\/wp-json\/wp\/v2\/pages\/2419","targetHints":{"allow":["GET"]}}],"collection":[{"href":"https:\/\/albertpoquet.com\/ca\/wp-json\/wp\/v2\/pages"}],"about":[{"href":"https:\/\/albertpoquet.com\/ca\/wp-json\/wp\/v2\/types\/page"}],"author":[{"embeddable":true,"href":"https:\/\/albertpoquet.com\/ca\/wp-json\/wp\/v2\/users\/1"}],"replies":[{"embeddable":true,"href":"https:\/\/albertpoquet.com\/ca\/wp-json\/wp\/v2\/comments?post=2419"}],"version-history":[{"count":92,"href":"https:\/\/albertpoquet.com\/ca\/wp-json\/wp\/v2\/pages\/2419\/revisions"}],"predecessor-version":[{"id":4290,"href":"https:\/\/albertpoquet.com\/ca\/wp-json\/wp\/v2\/pages\/2419\/revisions\/4290"}],"wp:attachment":[{"href":"https:\/\/albertpoquet.com\/ca\/wp-json\/wp\/v2\/media?parent=2419"}],"curies":[{"name":"wp","href":"https:\/\/api.w.org\/{rel}","templated":true}]}}